{"id":219,"date":"2025-02-08T17:33:00","date_gmt":"2025-02-08T16:33:00","guid":{"rendered":"https:\/\/www.visitsolglantan.se\/?page_id=219"},"modified":"2025-02-08T17:33:00","modified_gmt":"2025-02-08T16:33:00","slug":"user-profile","status":"publish","type":"page","link":"https:\/\/www.visitsolglantan.se\/lv\/user-profile\/","title":{"rendered":"User Profile"},"content":{"rendered":"<div id=\"wpmem_login\"><a id=\"login\"><\/a><form action=\"https:\/\/www.visitsolglantan.se\/lv\/user-profile\/\" method=\"POST\" id=\"wpmem_login_form\" class=\"form\" data-trp-original-action=\"https:\/\/www.visitsolglantan.se\/lv\/user-profile\/\"><input type=\"hidden\" id=\"_wpmem_login_nonce\" name=\"_wpmem_login_nonce\" value=\"ab0e50b337\" \/><input type=\"hidden\" name=\"_wp_http_referer\" value=\"\/lv\/wp-json\/wp\/v2\/pages\/219\" \/><fieldset><legend>Eso\u0161ie lietot\u0101ji piesak\u0101s<\/legend><label for=\"log\">Lietot\u0101jv\u0101rds vai e-pasts<\/label><div class=\"div_text\"><input name=\"log\" type=\"text\" id=\"log\" value=\"\" class=\"username\" required \/><\/div><label for=\"pwd\">Parole<\/label><div class=\"div_text\"><input name=\"pwd\" type=\"password\" id=\"pwd\" class=\"password\" required \/><\/div><input name=\"a\" type=\"hidden\" value=\"login\" \/><input name=\"redirect_to\" type=\"hidden\" value=\"https:\/\/www.visitsolglantan.se\/lv\/user-profile\/\" \/><div class=\"button_div\"><input name=\"rememberme\" type=\"checkbox\" id=\"rememberme\" value=\"forever\" \/>&nbsp;<label for=\"rememberme\">Atceries Mani<\/label>&nbsp;&nbsp;<input type=\"submit\" name=\"Submit\" value=\"Pieteikties\" class=\"buttons\" \/><\/div><div class=\"link-text\"><span class=\"link-text-forgot\">Aizmirs\u0101t paroli?&nbsp;<a href=\"https:\/\/www.visitsolglantan.se\/lv\/user-profile\/?a=pwdreset\">Noklik\u0161\u0137iniet \u0161eit, lai atiestat\u012btu<\/a><\/span><\/div><\/fieldset><input type=\"hidden\" name=\"trp-form-language\" value=\"lv\"\/><\/form><\/div><div id=\"wpmem_reg\"><a id=\"register\"><\/a><form name=\"form\" method=\"post\" action=\"https:\/\/www.visitsolglantan.se\/lv\/user-profile\/\" id=\"wpmem_register_form\" class=\"form\" data-trp-original-action=\"https:\/\/www.visitsolglantan.se\/lv\/user-profile\/\"><input type=\"hidden\" id=\"_wpmem_register_nonce\" name=\"_wpmem_register_nonce\" value=\"d06b46600f\" \/><input type=\"hidden\" name=\"_wp_http_referer\" value=\"\/lv\/wp-json\/wp\/v2\/pages\/219\" \/><fieldset><legend>New User Registration<\/legend><label for=\"username\" class=\"text\">Choose a Username<span class=\"req\">*<\/span><\/label><div class=\"div_text\"><input name=\"username\" type=\"text\" id=\"username\" value=\"\" class=\"textbox\" required \/><\/div><label for=\"first_name\" class=\"text\">First Name<span class=\"req\">*<\/span><\/label><div class=\"div_text\"><input name=\"first_name\" type=\"text\" id=\"first_name\" value=\"\" class=\"textbox\" required \/><\/div><label for=\"last_name\" class=\"text\">Last Name<span class=\"req\">*<\/span><\/label><div class=\"div_text\"><input name=\"last_name\" type=\"text\" id=\"last_name\" value=\"\" class=\"textbox\" required \/><\/div><label for=\"confirm_password\" class=\"text\">Confirm Password<span class=\"req\">*<\/span><\/label><div class=\"div_text\"><input name=\"confirm_password\" type=\"password\" id=\"confirm_password\" class=\"textbox\" required \/><\/div><label for=\"password\" class=\"text\">Parole<span class=\"req\">*<\/span><\/label><div class=\"div_text\"><input name=\"password\" type=\"password\" id=\"password\" class=\"textbox\" required \/><\/div><label for=\"user_url\" class=\"text\">Website<\/label><div class=\"div_text\"><input name=\"user_url\" type=\"url\" id=\"user_url\" value=\"\" class=\"textbox\" \/><\/div><label for=\"billing_address_1\" class=\"text\">Address 1<\/label><div class=\"div_text\"><input name=\"billing_address_1\" type=\"text\" id=\"billing_address_1\" value=\"\" class=\"textbox\" \/><\/div><label for=\"billing_address_2\" class=\"text\">Address 2<\/label><div class=\"div_text\"><input name=\"billing_address_2\" type=\"text\" id=\"billing_address_2\" value=\"\" class=\"textbox\" \/><\/div><label for=\"billing_city\" class=\"text\">City<\/label><div class=\"div_text\"><input name=\"billing_city\" type=\"text\" id=\"billing_city\" value=\"\" class=\"textbox\" \/><\/div><label for=\"billing_state\" class=\"text\">State<\/label><div class=\"div_text\"><input name=\"billing_state\" type=\"text\" id=\"billing_state\" value=\"\" class=\"textbox\" \/><\/div><label for=\"billing_postcode\" class=\"text\">Zip<\/label><div class=\"div_text\"><input name=\"billing_postcode\" type=\"text\" id=\"billing_postcode\" value=\"\" class=\"textbox\" \/><\/div><label for=\"billing_country\" class=\"text\">Country<\/label><div class=\"div_text\"><input name=\"billing_country\" type=\"text\" id=\"billing_country\" value=\"\" class=\"textbox\" \/><\/div><label for=\"billing_phone\" class=\"text\">Phone<\/label><div class=\"div_text\"><input name=\"billing_phone\" type=\"text\" id=\"billing_phone\" value=\"\" class=\"textbox\" \/><\/div><label for=\"user_email\" class=\"text\">Email<span class=\"req\">*<\/span><\/label><div class=\"div_text\"><input name=\"user_email\" type=\"email\" id=\"user_email\" value=\"\" class=\"textbox\" required \/><\/div><label for=\"confirm_email\" class=\"text\">Confirm Email<\/label><div class=\"div_text\"><input name=\"confirm_email\" type=\"email\" id=\"confirm_email\" value=\"\" class=\"textbox\" \/><\/div><label for=\"description\" class=\"textarea\">Biographical Info<\/label><div class=\"div_textarea\"><textarea cols=\"20\" rows=\"5\" name=\"description\" id=\"description\" class=\"textarea\"><\/textarea><\/div><div class=\"div_text\"><input name=\"tos\" type=\"checkbox\" id=\"tos\" value=\"agree\" \/> Please indicate that you agree to the <a href=\"#\" onclick=\"window.open('\/lv\/wp-json\/wp\/v2\/pages\/219?tos=display','tos');\"> Pakalpojumu snieg\u0161anas noteikumi <\/a><\/div><script src=\"https:\/\/www.google.com\/recaptcha\/api.js?render=6LfuD9AqAAAAAGL5fG1vZjiF84b-aRlx8TzG5cRe\"><\/script><script>grecaptcha.ready(function () {grecaptcha.execute('6LfuD9AqAAAAAGL5fG1vZjiF84b-aRlx8TzG5cRe', { action: 'contact' }).then(function (token) {var recaptchaResponse = document.getElementById('recaptchaResponse');recaptchaResponse.value = token;});});<\/script><input type=\"hidden\" name=\"recaptcha_response\" id=\"recaptchaResponse\"><input name=\"a\" type=\"hidden\" value=\"register\" \/><input name=\"wpmem_reg_page\" type=\"hidden\" value=\"https:\/\/www.visitsolglantan.se\/lv\/user-profile\/\" \/><div class=\"button_div\"><input name=\"submit\" type=\"submit\" value=\"Register\" class=\"buttons\" \/><\/div><div class=\"req-text\"><span class=\"req\">*<\/span>Required field<\/div><\/fieldset><input type=\"hidden\" name=\"trp-form-language\" value=\"lv\"\/><\/form><\/div>\n\n\n\n<p><\/p>","protected":false},"excerpt":{"rendered":"","protected":false},"author":1,"featured_media":0,"parent":0,"menu_order":0,"comment_status":"closed","ping_status":"closed","template":"","meta":{"footnotes":""},"class_list":["post-219","page","type-page","status-publish","hentry"],"_links":{"self":[{"href":"https:\/\/www.visitsolglantan.se\/lv\/wp-json\/wp\/v2\/pages\/219","targetHints":{"allow":["GET"]}}],"collection":[{"href":"https:\/\/www.visitsolglantan.se\/lv\/wp-json\/wp\/v2\/pages"}],"about":[{"href":"https:\/\/www.visitsolglantan.se\/lv\/wp-json\/wp\/v2\/types\/page"}],"author":[{"embeddable":true,"href":"https:\/\/www.visitsolglantan.se\/lv\/wp-json\/wp\/v2\/users\/1"}],"replies":[{"embeddable":true,"href":"https:\/\/www.visitsolglantan.se\/lv\/wp-json\/wp\/v2\/comments?post=219"}],"version-history":[{"count":1,"href":"https:\/\/www.visitsolglantan.se\/lv\/wp-json\/wp\/v2\/pages\/219\/revisions"}],"predecessor-version":[{"id":220,"href":"https:\/\/www.visitsolglantan.se\/lv\/wp-json\/wp\/v2\/pages\/219\/revisions\/220"}],"wp:attachment":[{"href":"https:\/\/www.visitsolglantan.se\/lv\/wp-json\/wp\/v2\/media?parent=219"}],"curies":[{"name":"wp","href":"https:\/\/api.w.org\/{rel}","templated":true}]}}